{"id":11,"date":"2020-05-01T15:30:02","date_gmt":"2020-05-01T15:30:02","guid":{"rendered":"http:\/\/psychotherapie-janisch.de\/?page_id=11"},"modified":"2026-03-27T12:53:10","modified_gmt":"2026-03-27T12:53:10","slug":"kontakt","status":"publish","type":"page","link":"https:\/\/www.psychotherapie-janisch.de\/?page_id=11","title":{"rendered":"Kontakt"},"content":{"rendered":"\r\n<p>Am einfachsten k\u00f6nnen Sie uns eine Anfrage \u00fcber das <strong>Kontaktformular<\/strong> zukommen lassen. Die dort angegebenen Daten werden bei uns zur Bearbeitung der Anfrage gespeichert. Die abgefragten Daten sind sehr pers\u00f6nlich und werden selbstverst\u00e4ndlich vertraulich behandelt. Diese Angaben sind f\u00fcr uns hilfreich, es entsteht Ihnen aber kein Nachteil, wenn Sie sie nicht machen m\u00f6chten.<\/p>\r\n\r\n\r\n\r\n<p>Wenn wir in den von Ihnen angegeben Zeitfenstern freie Therapiepl\u00e4tze (f\u00fcr Erwachsene ab 18 Jahren) haben, melden wir uns auf Ihre Anfrage. Da unser Behandlungsschwerpunkt auf der Kombination aus Gruppen- und Einzeltherapie liegt, erm\u00f6glicht uns die grunds\u00e4tzliche Bereitschaft zur Gruppenarbeit, Ihnen deutlich schneller einen Termin anbieten zu k\u00f6nnen.<br \/>Aus praxisorganisatorischen Gr\u00fcnden k\u00f6nnen wir nicht jede Anfrage beantworten. K\u00f6nnen wir Ihnen keinen Platz anbieten, werden Ihre Daten nach zwei Monaten gel\u00f6scht. Wir f\u00fchren keine Warteliste. Sie k\u00f6nnen aber gerne nach 2 Monaten erneut bei uns anfragen.<\/p>\r\n<p>Wir wissen, dass es im Allgemeinen viel Geduld braucht, bis jemand einen Psychotherapieplatz gefunden hat, der zu ihm oder ihr passt. Dabei kann es helfen, sich aktiv auf die Therapie vorzubereiten, wie bspw. mit einem kleinen Buch von Frank Wendrich <a href=\"https:\/\/www.isbn.de\/ebook\/9783903072602_los-gehts.htm\">&#8222;Los geht\u2019s: Aktiv warten auf einen Therapieplatz&#8220;<\/a>.<\/p>\r\n<p>Bei der \u00dcberbr\u00fcckung von Wartezeiten auf einen Therapieplatz hilft oftmals auch der Besuch einer <a href=\"https:\/\/www.landkreis-goeppingen.de\/,Lde\/start\/Landratsamt\/EFL-Beratungsstelle.html\">Beratungsstelle<\/a> (z. B. bei der Caritas, der Diakonie, beim Landratsamt) oder einer <a href=\"https:\/\/www.aok.de\/pk\/fileadmin\/user_upload\/AOK-Baden-Wuerttemberg\/08-Bezirksdirektionen\/NEF\/Media\/AOK-Selbsthilfewegweiser-Neckar-Fils.pdf\">Selbsthilfegruppe<\/a> (hier bspw. eine Liste der AOK Neckar Fils).<\/p>\r\n<p>Weitere Hilfsmittel zur \u00dcberbr\u00fcckung der Wartezeit auf einen Therapieplatz k\u00f6nnen Online-Therapieprogramme Ihrer Krankenkasse oder Digitale Gesundheitsanwendungen (DiGAs) sein. DiGAs k\u00f6nnen Sie sich bspw. von Ihrem Psychiater oder Hausarzt verschreiben lassen.<\/p>\r\n\r\n\r\n\r\n\n<div class=\"wpcf7 no-js\" id=\"wpcf7-f104-o1\" lang=\"de-DE\" dir=\"ltr\" data-wpcf7-id=\"104\">\n<div class=\"screen-reader-response\"><p role=\"status\" aria-live=\"polite\" aria-atomic=\"true\"><\/p> <ul><\/ul><\/div>\n<form action=\"\/index.php?rest_route=%2Fwp%2Fv2%2Fpages%2F11#wpcf7-f104-o1\" method=\"post\" class=\"wpcf7-form init wpcf7-acceptance-as-validation\" aria-label=\"Kontaktformular\" novalidate=\"novalidate\" data-status=\"init\">\n<fieldset class=\"hidden-fields-container\"><input type=\"hidden\" name=\"_wpcf7\" value=\"104\" \/><input type=\"hidden\" name=\"_wpcf7_version\" value=\"6.1.5\" \/><input type=\"hidden\" name=\"_wpcf7_locale\" value=\"de_DE\" \/><input type=\"hidden\" name=\"_wpcf7_unit_tag\" value=\"wpcf7-f104-o1\" \/><input type=\"hidden\" name=\"_wpcf7_container_post\" value=\"0\" \/><input type=\"hidden\" name=\"_wpcf7_posted_data_hash\" value=\"\" \/>\n<\/fieldset>\n<div class=\"form-section\">\n\t<p>Vorname*<br \/>\n<span class=\"wpcf7-form-control-wrap\" data-name=\"vorname\"><input size=\"40\" maxlength=\"400\" class=\"wpcf7-form-control wpcf7-text wpcf7-validates-as-required\" aria-required=\"true\" aria-invalid=\"false\" placeholder=\"Max\" value=\"\" type=\"text\" name=\"vorname\" \/><\/span>\n\t<\/p>\n\t<p>Nachname*<br \/>\n<span class=\"wpcf7-form-control-wrap\" data-name=\"nachname\"><input size=\"40\" maxlength=\"400\" class=\"wpcf7-form-control wpcf7-text wpcf7-validates-as-required\" aria-required=\"true\" aria-invalid=\"false\" placeholder=\"Mustermann\" value=\"\" type=\"text\" name=\"nachname\" \/><\/span>\n\t<\/p>\n\t<p>Geburtsjahr (JJJJ)*<br \/>\n<span class=\"wpcf7-form-control-wrap\" data-name=\"geburtsjahr\"><input class=\"wpcf7-form-control wpcf7-number wpcf7-validates-as-required wpcf7-validates-as-number\" min=\"1920\" max=\"2026\" aria-required=\"true\" aria-invalid=\"false\" placeholder=\"z.B. 1985\" value=\"\" type=\"number\" name=\"geburtsjahr\" \/><\/span>\n\t<\/p>\n\t<p>Telefonnummer*<br \/>\n<span class=\"wpcf7-form-control-wrap\" data-name=\"telefonnummer\"><input size=\"40\" maxlength=\"400\" class=\"wpcf7-form-control wpcf7-tel wpcf7-validates-as-required wpcf7-text wpcf7-validates-as-tel\" aria-required=\"true\" aria-invalid=\"false\" placeholder=\"0170 \/ 1234567\" value=\"\" type=\"tel\" name=\"telefonnummer\" \/><\/span>\n\t<\/p>\n\t<p>E-Mail Adresse*<br \/>\n<span class=\"wpcf7-form-control-wrap\" data-name=\"email-adresse\"><input size=\"40\" maxlength=\"400\" class=\"wpcf7-form-control wpcf7-email wpcf7-validates-as-required wpcf7-text wpcf7-validates-as-email\" aria-required=\"true\" aria-invalid=\"false\" placeholder=\"email@beispiel.de\" value=\"\" type=\"email\" name=\"email-adresse\" \/><\/span>\n\t<\/p>\n<\/div>\n<hr \/>\n<fieldset>\n\t<legend><strong>1. Art der Beschwerden (Mehrfachauswahl m\u00f6glich)<\/strong>\n\t<\/legend>\n\t<p><span class=\"wpcf7-form-control-wrap\" data-name=\"anl_angst\"><span class=\"wpcf7-form-control wpcf7-checkbox\"><span class=\"wpcf7-list-item first last\"><input type=\"checkbox\" name=\"anl_angst[]\" value=\"Angst\" \/><span class=\"wpcf7-list-item-label\">Angst<\/span><\/span><\/span><\/span><span class=\"wpcf7-form-control-wrap\" data-name=\"anl_depr\"><span class=\"wpcf7-form-control wpcf7-checkbox\"><span class=\"wpcf7-list-item first last\"><input type=\"checkbox\" name=\"anl_depr[]\" value=\"Depression\" \/><span class=\"wpcf7-list-item-label\">Depression<\/span><\/span><\/span><\/span><span class=\"wpcf7-form-control-wrap\" data-name=\"anl_belast\"><span class=\"wpcf7-form-control wpcf7-checkbox\"><span class=\"wpcf7-list-item first last\"><input type=\"checkbox\" name=\"anl_belast[]\" value=\"akute Belastung\" \/><span class=\"wpcf7-list-item-label\">akute Belastung<\/span><\/span><\/span><\/span><span class=\"wpcf7-form-control-wrap\" data-name=\"anl_zwang\"><span class=\"wpcf7-form-control wpcf7-checkbox\"><span class=\"wpcf7-list-item first last\"><input type=\"checkbox\" name=\"anl_zwang[]\" value=\"Zwang\" \/><span class=\"wpcf7-list-item-label\">Zwang<\/span><\/span><\/span><\/span><span class=\"wpcf7-form-control-wrap\" data-name=\"anl_trauma\"><span class=\"wpcf7-form-control wpcf7-checkbox\"><span class=\"wpcf7-list-item first last\"><input type=\"checkbox\" name=\"anl_trauma[]\" value=\"Trauma\" \/><span class=\"wpcf7-list-item-label\">Trauma<\/span><\/span><\/span><\/span><span class=\"wpcf7-form-control-wrap\" data-name=\"anl_schmerz\"><span class=\"wpcf7-form-control wpcf7-checkbox\"><span class=\"wpcf7-list-item first last\"><input type=\"checkbox\" name=\"anl_schmerz[]\" value=\"Schmerzen\" \/><span class=\"wpcf7-list-item-label\">Schmerzen<\/span><\/span><\/span><\/span><span class=\"wpcf7-form-control-wrap\" data-name=\"anl_unsicher\"><span class=\"wpcf7-form-control wpcf7-checkbox\"><span class=\"wpcf7-list-item first last\"><input type=\"checkbox\" name=\"anl_unsicher[]\" value=\"unsicher\" \/><span class=\"wpcf7-list-item-label\">unsicher<\/span><\/span><\/span><\/span><span class=\"wpcf7-form-control-wrap\" data-name=\"anl_sonst\"><span class=\"wpcf7-form-control wpcf7-checkbox\"><span class=\"wpcf7-list-item first last\"><input type=\"checkbox\" name=\"anl_sonst[]\" value=\"sonstige\" \/><span class=\"wpcf7-list-item-label\">sonstige<\/span><\/span><\/span><\/span>\n\t<\/p>\n<\/fieldset>\n<p>Beschreibung:<br \/>\n<span class=\"wpcf7-form-control-wrap\" data-name=\"detail_zur_anfrage\"><textarea cols=\"40\" rows=\"10\" maxlength=\"2000\" class=\"wpcf7-form-control wpcf7-textarea\" aria-invalid=\"false\" name=\"detail_zur_anfrage\"><\/textarea><\/span>\n<\/p>\n<hr \/>\n<fieldset>\n\t<legend><strong>2. Versicherung & Programme<\/strong>\n\t<\/legend>\n\t<p>Versicherung:* <span class=\"wpcf7-form-control-wrap\" data-name=\"versicherungsart\"><select class=\"wpcf7-form-control wpcf7-select wpcf7-validates-as-required\" aria-required=\"true\" aria-invalid=\"false\" name=\"versicherungsart\"><option value=\"GESETZLICH\">GESETZLICH<\/option><option value=\"PRIVAT\">PRIVAT<\/option><option value=\"SELBSTZAHLER\">SELBSTZAHLER<\/option><option value=\"BEIHILFE\">BEIHILFE<\/option><\/select><\/span>\n\t<\/p>\n\t<p>Krankenkasse:* <span class=\"wpcf7-form-control-wrap\" data-name=\"krankenkasse\"><input size=\"40\" maxlength=\"400\" class=\"wpcf7-form-control wpcf7-text wpcf7-validates-as-required\" aria-required=\"true\" aria-invalid=\"false\" value=\"\" type=\"text\" name=\"krankenkasse\" \/><\/span>\n\t<\/p>\n\t<p>Teilnahme am Hausarztprogramm (HZV)? <span class=\"wpcf7-form-control-wrap\" data-name=\"hzv\"><span class=\"wpcf7-form-control wpcf7-radio\"><span class=\"wpcf7-list-item first\"><input type=\"radio\" name=\"hzv\" value=\"JA\" \/><span class=\"wpcf7-list-item-label\">JA<\/span><\/span><span class=\"wpcf7-list-item last\"><input type=\"radio\" name=\"hzv\" value=\"NEIN\" checked=\"checked\" \/><span class=\"wpcf7-list-item-label\">NEIN<\/span><\/span><\/span><\/span>\n\t<\/p>\n\t<p>Teilnahme am Facharztprogramm (SV)? <span class=\"wpcf7-form-control-wrap\" data-name=\"sv\"><span class=\"wpcf7-form-control wpcf7-radio\"><span class=\"wpcf7-list-item first\"><input type=\"radio\" name=\"sv\" value=\"JA\" \/><span class=\"wpcf7-list-item-label\">JA<\/span><\/span><span class=\"wpcf7-list-item last\"><input type=\"radio\" name=\"sv\" value=\"NEIN\" checked=\"checked\" \/><span class=\"wpcf7-list-item-label\">NEIN<\/span><\/span><\/span><\/span>\n\t<\/p>\n\t<p>Offen f\u00fcr Gruppentherapie? <span class=\"wpcf7-form-control-wrap\" data-name=\"gruppe\"><span class=\"wpcf7-form-control wpcf7-radio\"><span class=\"wpcf7-list-item first\"><input type=\"radio\" name=\"gruppe\" value=\"JA\" \/><span class=\"wpcf7-list-item-label\">JA<\/span><\/span><span class=\"wpcf7-list-item last\"><input type=\"radio\" name=\"gruppe\" value=\"NEIN\" checked=\"checked\" \/><span class=\"wpcf7-list-item-label\">NEIN<\/span><\/span><\/span><\/span>\n\t<\/p>\n<\/fieldset>\n<p>In Behandlung einer Psychiatrischen Institutsambulanz (PIA)?* <span class=\"wpcf7-form-control-wrap\" data-name=\"pia\"><span class=\"wpcf7-form-control wpcf7-radio\"><span class=\"wpcf7-list-item first\"><input type=\"radio\" name=\"pia\" value=\"JA\" \/><span class=\"wpcf7-list-item-label\">JA<\/span><\/span><span class=\"wpcf7-list-item last\"><input type=\"radio\" name=\"pia\" value=\"NEIN\" checked=\"checked\" \/><span class=\"wpcf7-list-item-label\">NEIN<\/span><\/span><\/span><\/span>\n<\/p>\n<p><strong>Wichtiger Hinweis zur PIA:<\/strong><br \/>\nNach Abschluss der Suchphase (Psychotherapeutische Sprechstunde und Probatorik) ist mit Beginn einer <strong>Richtlinienpsychotherapie<\/strong> keine Parallelbehandlung in der Psychiatrischen Institutsambulanz (PIA) mehr m\u00f6glich.\n<\/p>\n<hr \/>\n<fieldset>\n\t<legend><strong>3. Ihre zeitliche Verf\u00fcgbarkeit<\/strong>\n\t<\/legend>\n\t<div class=\"time-row\">\n\t\t<p><strong>Fr\u00fcher Start (8 Uhr):<\/strong><span class=\"wpcf7-form-control-wrap\" data-name=\"zeit_8mo\"><span class=\"wpcf7-form-control wpcf7-checkbox\"><span class=\"wpcf7-list-item first last\"><input type=\"checkbox\" name=\"zeit_8mo[]\" value=\"Mo\" \/><span class=\"wpcf7-list-item-label\">Mo<\/span><\/span><\/span><\/span><span class=\"wpcf7-form-control-wrap\" data-name=\"zeit_8di\"><span class=\"wpcf7-form-control wpcf7-checkbox\"><span class=\"wpcf7-list-item first last\"><input type=\"checkbox\" name=\"zeit_8di[]\" value=\"Di\" \/><span class=\"wpcf7-list-item-label\">Di<\/span><\/span><\/span><\/span><span class=\"wpcf7-form-control-wrap\" data-name=\"zeit_8mi\"><span class=\"wpcf7-form-control wpcf7-checkbox\"><span class=\"wpcf7-list-item first last\"><input type=\"checkbox\" name=\"zeit_8mi[]\" value=\"Mi\" \/><span class=\"wpcf7-list-item-label\">Mi<\/span><\/span><\/span><\/span><span class=\"wpcf7-form-control-wrap\" data-name=\"zeit_8do\"><span class=\"wpcf7-form-control wpcf7-checkbox\"><span class=\"wpcf7-list-item first last\"><input type=\"checkbox\" name=\"zeit_8do[]\" value=\"Do\" \/><span class=\"wpcf7-list-item-label\">Do<\/span><\/span><\/span><\/span><span class=\"wpcf7-form-control-wrap\" data-name=\"zeit_8fr\"><span class=\"wpcf7-form-control wpcf7-checkbox\"><span class=\"wpcf7-list-item first last\"><input type=\"checkbox\" name=\"zeit_8fr[]\" value=\"Fr\" \/><span class=\"wpcf7-list-item-label\">Fr<\/span><\/span><\/span><\/span>\n\t\t<\/p>\n\t<\/div>\n\t<div class=\"time-row\">\n\t\t<p><strong>Vormittag (9-12 Uhr):<\/strong><span class=\"wpcf7-form-control-wrap\" data-name=\"zeit_vmo\"><span class=\"wpcf7-form-control wpcf7-checkbox\"><span class=\"wpcf7-list-item first last\"><input type=\"checkbox\" name=\"zeit_vmo[]\" value=\"Mo\" \/><span class=\"wpcf7-list-item-label\">Mo<\/span><\/span><\/span><\/span><span class=\"wpcf7-form-control-wrap\" data-name=\"zeit_vdi\"><span class=\"wpcf7-form-control wpcf7-checkbox\"><span class=\"wpcf7-list-item first last\"><input type=\"checkbox\" name=\"zeit_vdi[]\" value=\"Di\" \/><span class=\"wpcf7-list-item-label\">Di<\/span><\/span><\/span><\/span><span class=\"wpcf7-form-control-wrap\" data-name=\"zeit_vmi\"><span class=\"wpcf7-form-control wpcf7-checkbox\"><span class=\"wpcf7-list-item first last\"><input type=\"checkbox\" name=\"zeit_vmi[]\" value=\"Mi\" \/><span class=\"wpcf7-list-item-label\">Mi<\/span><\/span><\/span><\/span><span class=\"wpcf7-form-control-wrap\" data-name=\"zeit_vdo\"><span class=\"wpcf7-form-control wpcf7-checkbox\"><span class=\"wpcf7-list-item first last\"><input type=\"checkbox\" name=\"zeit_vdo[]\" value=\"Do\" \/><span class=\"wpcf7-list-item-label\">Do<\/span><\/span><\/span><\/span><span class=\"wpcf7-form-control-wrap\" data-name=\"zeit_vfr\"><span class=\"wpcf7-form-control wpcf7-checkbox\"><span class=\"wpcf7-list-item first last\"><input type=\"checkbox\" name=\"zeit_vfr[]\" value=\"Fr\" \/><span class=\"wpcf7-list-item-label\">Fr<\/span><\/span><\/span><\/span>\n\t\t<\/p>\n\t<\/div>\n\t<div class=\"time-row\">\n\t\t<p><strong>Mittag (13 Uhr):<\/strong><span class=\"wpcf7-form-control-wrap\" data-name=\"zeit_mmo\"><span class=\"wpcf7-form-control wpcf7-checkbox\"><span class=\"wpcf7-list-item first last\"><input type=\"checkbox\" name=\"zeit_mmo[]\" value=\"Mo\" \/><span class=\"wpcf7-list-item-label\">Mo<\/span><\/span><\/span><\/span><span class=\"wpcf7-form-control-wrap\" data-name=\"zeit_mdi\"><span class=\"wpcf7-form-control wpcf7-checkbox\"><span class=\"wpcf7-list-item first last\"><input type=\"checkbox\" name=\"zeit_mdi[]\" value=\"Di\" \/><span class=\"wpcf7-list-item-label\">Di<\/span><\/span><\/span><\/span><span class=\"wpcf7-form-control-wrap\" data-name=\"zeit_mmi\"><span class=\"wpcf7-form-control wpcf7-checkbox\"><span class=\"wpcf7-list-item first last\"><input type=\"checkbox\" name=\"zeit_mmi[]\" value=\"Mi\" \/><span class=\"wpcf7-list-item-label\">Mi<\/span><\/span><\/span><\/span><span class=\"wpcf7-form-control-wrap\" data-name=\"zeit_mdo\"><span class=\"wpcf7-form-control wpcf7-checkbox\"><span class=\"wpcf7-list-item first last\"><input type=\"checkbox\" name=\"zeit_mdo[]\" value=\"Do\" \/><span class=\"wpcf7-list-item-label\">Do<\/span><\/span><\/span><\/span><span class=\"wpcf7-form-control-wrap\" data-name=\"zeit_mfr\"><span class=\"wpcf7-form-control wpcf7-checkbox\"><span class=\"wpcf7-list-item first last\"><input type=\"checkbox\" name=\"zeit_mfr[]\" value=\"Fr\" \/><span class=\"wpcf7-list-item-label\">Fr<\/span><\/span><\/span><\/span>\n\t\t<\/p>\n\t<\/div>\n\t<div class=\"time-row\">\n\t\t<p><strong>Nachmittag (14-17 Uhr):<\/strong><span class=\"wpcf7-form-control-wrap\" data-name=\"zeit_nmo\"><span class=\"wpcf7-form-control wpcf7-checkbox\"><span class=\"wpcf7-list-item first last\"><input type=\"checkbox\" name=\"zeit_nmo[]\" value=\"Mo\" \/><span class=\"wpcf7-list-item-label\">Mo<\/span><\/span><\/span><\/span><span class=\"wpcf7-form-control-wrap\" data-name=\"zeit_ndi\"><span class=\"wpcf7-form-control wpcf7-checkbox\"><span class=\"wpcf7-list-item first last\"><input type=\"checkbox\" name=\"zeit_ndi[]\" value=\"Di\" \/><span class=\"wpcf7-list-item-label\">Di<\/span><\/span><\/span><\/span><span class=\"wpcf7-form-control-wrap\" data-name=\"zeit_nmi\"><span class=\"wpcf7-form-control wpcf7-checkbox\"><span class=\"wpcf7-list-item first last\"><input type=\"checkbox\" name=\"zeit_nmi[]\" value=\"Mi\" \/><span class=\"wpcf7-list-item-label\">Mi<\/span><\/span><\/span><\/span><span class=\"wpcf7-form-control-wrap\" data-name=\"zeit_ndo\"><span class=\"wpcf7-form-control wpcf7-checkbox\"><span class=\"wpcf7-list-item first last\"><input type=\"checkbox\" name=\"zeit_ndo[]\" value=\"Do\" \/><span class=\"wpcf7-list-item-label\">Do<\/span><\/span><\/span><\/span><span class=\"wpcf7-form-control-wrap\" data-name=\"zeit_nfr\"><span class=\"wpcf7-form-control wpcf7-checkbox\"><span class=\"wpcf7-list-item first last\"><input type=\"checkbox\" name=\"zeit_nfr[]\" value=\"Fr\" \/><span class=\"wpcf7-list-item-label\">Fr<\/span><\/span><\/span><\/span>\n\t\t<\/p>\n\t<\/div>\n\t<div class=\"time-row\">\n\t\t<p><strong>Abend (ab 17 Uhr):<\/strong><span class=\"wpcf7-form-control-wrap\" data-name=\"zeit_amo\"><span class=\"wpcf7-form-control wpcf7-checkbox\"><span class=\"wpcf7-list-item first last\"><input type=\"checkbox\" name=\"zeit_amo[]\" value=\"Mo\" \/><span class=\"wpcf7-list-item-label\">Mo<\/span><\/span><\/span><\/span>\n\t\t<\/p>\n\t<\/div>\n<\/fieldset>\n<p><strong>SSL-Verschl\u00fcsselt:<\/strong> Ihre Daten werden sicher \u00fcbertragen und nach 2 Monaten gel\u00f6scht.\n<\/p>\n<p><span class=\"wpcf7-form-control-wrap\" data-name=\"datenschutz\"><span class=\"wpcf7-form-control wpcf7-checkbox wpcf7-validates-as-required\"><span class=\"wpcf7-list-item first last\"><label><input type=\"checkbox\" name=\"datenschutz[]\" value=\"Ich willige in die Verarbeitung meiner Daten ein.\" \/><span class=\"wpcf7-list-item-label\">Ich willige in die Verarbeitung meiner Daten ein.<\/span><\/label><\/span><\/span><\/span>\n<\/p>\n<div style=\"text-align: center;\">\n\t<p><input class=\"wpcf7-form-control wpcf7-submit has-spinner\" type=\"submit\" value=\"Anfrage sicher absenden\" \/>\n\t<\/p>\n<\/div><div class=\"wpcf7-response-output\" aria-hidden=\"true\"><\/div>\n<\/form>\n<\/div>\n\r\n<p>Dar\u00fcber hinaus erreichen Sie uns zu unseren Zeiten <strong>telefonischer Erreichbarkeit:\u00a0 Montag &#8211; Donnerstag 12:00-12:50<\/strong>.<\/p>\r\n<p>Von Anfragen auf dem Anrufbeantworter bitten wir aus praxisorganisatorischen Gr\u00fcnden abzusehen.<\/p>\r\n<p>&nbsp;<\/p>\r\n\r\n\r\n\r\n\r\n","protected":false},"excerpt":{"rendered":"<p>Am einfachsten k\u00f6nnen Sie uns eine Anfrage \u00fcber das Kontaktformular zukommen lassen. Die dort angegebenen Daten werden bei uns zur Bearbeitung der Anfrage gespeichert. Die abgefragten Daten sind sehr pers\u00f6nlich und werden selbstverst\u00e4ndlich vertraulich behandelt. Diese Angaben sind f\u00fcr uns hilfreich, es entsteht Ihnen aber kein Nachteil, wenn Sie sie nicht machen m\u00f6chten. Wenn wir &hellip; <\/p>\n<p class=\"link-more\"><a href=\"https:\/\/www.psychotherapie-janisch.de\/?page_id=11\" class=\"more-link\"><span class=\"screen-reader-text\">\u201eKontakt\u201c <\/span>weiterlesen<\/a><\/p>\n","protected":false},"author":1,"featured_media":0,"parent":0,"menu_order":0,"comment_status":"closed","ping_status":"closed","template":"","meta":{"footnotes":""},"class_list":["post-11","page","type-page","status-publish","hentry"],"_links":{"self":[{"href":"https:\/\/www.psychotherapie-janisch.de\/index.php?rest_route=\/wp\/v2\/pages\/11","targetHints":{"allow":["GET"]}}],"collection":[{"href":"https:\/\/www.psychotherapie-janisch.de\/index.php?rest_route=\/wp\/v2\/pages"}],"about":[{"href":"https:\/\/www.psychotherapie-janisch.de\/index.php?rest_route=\/wp\/v2\/types\/page"}],"author":[{"embeddable":true,"href":"https:\/\/www.psychotherapie-janisch.de\/index.php?rest_route=\/wp\/v2\/users\/1"}],"replies":[{"embeddable":true,"href":"https:\/\/www.psychotherapie-janisch.de\/index.php?rest_route=%2Fwp%2Fv2%2Fcomments&post=11"}],"version-history":[{"count":28,"href":"https:\/\/www.psychotherapie-janisch.de\/index.php?rest_route=\/wp\/v2\/pages\/11\/revisions"}],"predecessor-version":[{"id":380,"href":"https:\/\/www.psychotherapie-janisch.de\/index.php?rest_route=\/wp\/v2\/pages\/11\/revisions\/380"}],"wp:attachment":[{"href":"https:\/\/www.psychotherapie-janisch.de\/index.php?rest_route=%2Fwp%2Fv2%2Fmedia&parent=11"}],"curies":[{"name":"wp","href":"https:\/\/api.w.org\/{rel}","templated":true}]}}