{"id":12,"date":"2020-05-01T15:30:02","date_gmt":"2020-05-01T15:30:02","guid":{"rendered":"http:\/\/psychotherapie-janisch.de\/?page_id=12"},"modified":"2021-09-23T12:33:25","modified_gmt":"2021-09-23T12:33:25","slug":"anfahrt","status":"publish","type":"page","link":"https:\/\/www.psychotherapie-janisch.de\/?page_id=12","title":{"rendered":"Anfahrt"},"content":{"rendered":"\n<p>Die Praxis befindet sich im <strong>2. Stock <\/strong>in der <strong>Hauptstr. 5 in Ebersbach\/Fils<\/strong>, einem grau verkleideten Geb\u00e4ude. Der Eingang befindet sich in der Seitengasse. Das Geb\u00e4ude hat keinen Aufzug, der Zugang ist nicht behindertengerecht.<\/p>\n\n\n\n<p>\u00d6ffentliche Parkpl\u00e4tze befinden sich in der N\u00e4he.  Der Bahnhof Ebersbach ist 4 Gehminuten entfernt.<\/p>\n\n\n\n<figure><iframe loading=\"lazy\" src=\"https:\/\/www.google.com\/maps\/embed?pb=!1m18!1m12!1m3!1d2213.6955751938267!2d9.523753948237925!3d48.71422425622338!2m3!1f0!2f0!3f0!3m2!1i1024!2i768!4f13.1!3m3!1m2!1s0x4799bc890aa7f06d%3A0x48d24c1098b98211!2sHauptstra%C3%9Fe%205%2C%2073061%20Ebersbach%20an%20der%20Fils!5e0!3m2!1sen!2sde!4v1588346331557!5m2!1sen!2sde\" width=\"600\" height=\"450\" allowfullscreen=\"\"><\/iframe><\/figure>\n","protected":false},"excerpt":{"rendered":"<p>Die Praxis befindet sich im 2. Stock in der Hauptstr. 5 in Ebersbach\/Fils, einem grau verkleideten Geb\u00e4ude. Der Eingang befindet sich in der Seitengasse. Das Geb\u00e4ude hat keinen Aufzug, der Zugang ist nicht behindertengerecht. \u00d6ffentliche Parkpl\u00e4tze befinden sich in der N\u00e4he. Der Bahnhof Ebersbach ist 4 Gehminuten entfernt.<\/p>\n","protected":false},"author":1,"featured_media":0,"parent":0,"menu_order":0,"comment_status":"closed","ping_status":"closed","template":"","meta":{"footnotes":""},"class_list":["post-12","page","type-page","status-publish","hentry"],"_links":{"self":[{"href":"https:\/\/www.psychotherapie-janisch.de\/index.php?rest_route=\/wp\/v2\/pages\/12","targetHints":{"allow":["GET"]}}],"collection":[{"href":"https:\/\/www.psychotherapie-janisch.de\/index.php?rest_route=\/wp\/v2\/pages"}],"about":[{"href":"https:\/\/www.psychotherapie-janisch.de\/index.php?rest_route=\/wp\/v2\/types\/page"}],"author":[{"embeddable":true,"href":"https:\/\/www.psychotherapie-janisch.de\/index.php?rest_route=\/wp\/v2\/users\/1"}],"replies":[{"embeddable":true,"href":"https:\/\/www.psychotherapie-janisch.de\/index.php?rest_route=%2Fwp%2Fv2%2Fcomments&post=12"}],"version-history":[{"count":7,"href":"https:\/\/www.psychotherapie-janisch.de\/index.php?rest_route=\/wp\/v2\/pages\/12\/revisions"}],"predecessor-version":[{"id":108,"href":"https:\/\/www.psychotherapie-janisch.de\/index.php?rest_route=\/wp\/v2\/pages\/12\/revisions\/108"}],"wp:attachment":[{"href":"https:\/\/www.psychotherapie-janisch.de\/index.php?rest_route=%2Fwp%2Fv2%2Fmedia&parent=12"}],"curies":[{"name":"wp","href":"https:\/\/api.w.org\/{rel}","templated":true}]}}