{"id":185,"date":"2021-09-29T12:55:29","date_gmt":"2021-09-29T12:55:29","guid":{"rendered":"https:\/\/www.psychotherapie-janisch.de\/?page_id=185"},"modified":"2023-04-23T10:34:35","modified_gmt":"2023-04-23T10:34:35","slug":"beatrix-ringstroem","status":"publish","type":"page","link":"https:\/\/www.psychotherapie-janisch.de\/?page_id=185","title":{"rendered":"Beatrix Ringstr\u00f6m"},"content":{"rendered":"<h2>Psychologische Psychotherapeutin, Dipl. Psychologin<br \/>\nVerhaltenstherapie<\/h2>\n<p>Angestellte Psychotherapeutin<\/p>\n<h2>Zusatzqualifikationen<\/h2>\n<div data-canvas-width=\"282.112\">Fachpsychologin f\u00fcr Rehabilitation<\/div>\n<div data-canvas-width=\"258.22399999999993\">Kursleiterin Stressmanagement<\/div>\n<div>Medizinische Hypnose<\/div>\n<h2>Werdegang<\/h2>\n<ul>\n<li>Psychotherapeutische T\u00e4tigkeit in der Praxis f\u00fcr Psychotherapie Martina Janisch (seit 2021)<\/li>\n<li data-canvas-width=\"509.74400000000037\">Psychotherapeutische T\u00e4tigkeit in der Vinzenz Klinik Bad Ditzenbach (seit 2009)<\/li>\n<li data-canvas-width=\"509.74400000000037\">Approbation als psychologische Psychotherapeutin und Eintragung in das Arztregister der kassen\u00e4rztlichen Vereinigung Baden-W\u00fcrttembergs mit der Fachkunde in Verhaltenstherapie bei Erwachsenen (2008,\u00a0 erteilt\u00a0 vom Regierungspr\u00e4sidium Stuttgart)<\/li>\n<li data-canvas-width=\"509.74400000000037\">Weiterbildung zur Psychologischen Psychotherapeutin in Verhaltenstherapie f\u00fcr Erwachsene am SZVT Stuttgart (2004-2008)<\/li>\n<li data-canvas-width=\"529.3280000000001\">Psychotherapeutische T\u00e4tigkeit in der Praxis Dr. P. Scheidt in Schw\u00e4bisch Gm\u00fcnd, in der Institutsambulanz des SZVT in Stuttgart sowie in der Klinik f\u00fcr Psychiatrie und Psychotherapie am Klinikum Heidenheim (2005-2008)<\/li>\n<li data-canvas-width=\"504.43200000000013\">Psychologin in der Klinik Sch\u00f6mberg\/ Fachklinik f\u00fcr Psychosomatische Medizin 2003-2004<\/li>\n<li data-canvas-width=\"477.8400000000004\">Diplomstudium Psychologie an der Universit\u00e4t Konstanz 1996-2002<\/li>\n<\/ul>\n<div><\/div>\n","protected":false},"excerpt":{"rendered":"<p>Psychologische Psychotherapeutin, Dipl. Psychologin Verhaltenstherapie Angestellte Psychotherapeutin Zusatzqualifikationen Fachpsychologin f\u00fcr Rehabilitation Kursleiterin Stressmanagement Medizinische Hypnose Werdegang Psychotherapeutische T\u00e4tigkeit in der Praxis f\u00fcr Psychotherapie Martina Janisch (seit 2021) Psychotherapeutische T\u00e4tigkeit in der Vinzenz Klinik Bad Ditzenbach (seit 2009) Approbation als psychologische Psychotherapeutin und Eintragung in das Arztregister der kassen\u00e4rztlichen Vereinigung Baden-W\u00fcrttembergs mit der Fachkunde in Verhaltenstherapie &hellip; <\/p>\n<p class=\"link-more\"><a href=\"https:\/\/www.psychotherapie-janisch.de\/?page_id=185\" class=\"more-link\"><span class=\"screen-reader-text\">\u201eBeatrix Ringstr\u00f6m\u201c <\/span>weiterlesen<\/a><\/p>\n","protected":false},"author":1,"featured_media":0,"parent":0,"menu_order":0,"comment_status":"closed","ping_status":"closed","template":"","meta":{"footnotes":""},"class_list":["post-185","page","type-page","status-publish","hentry"],"_links":{"self":[{"href":"https:\/\/www.psychotherapie-janisch.de\/index.php?rest_route=\/wp\/v2\/pages\/185","targetHints":{"allow":["GET"]}}],"collection":[{"href":"https:\/\/www.psychotherapie-janisch.de\/index.php?rest_route=\/wp\/v2\/pages"}],"about":[{"href":"https:\/\/www.psychotherapie-janisch.de\/index.php?rest_route=\/wp\/v2\/types\/page"}],"author":[{"embeddable":true,"href":"https:\/\/www.psychotherapie-janisch.de\/index.php?rest_route=\/wp\/v2\/users\/1"}],"replies":[{"embeddable":true,"href":"https:\/\/www.psychotherapie-janisch.de\/index.php?rest_route=%2Fwp%2Fv2%2Fcomments&post=185"}],"version-history":[{"count":4,"href":"https:\/\/www.psychotherapie-janisch.de\/index.php?rest_route=\/wp\/v2\/pages\/185\/revisions"}],"predecessor-version":[{"id":294,"href":"https:\/\/www.psychotherapie-janisch.de\/index.php?rest_route=\/wp\/v2\/pages\/185\/revisions\/294"}],"wp:attachment":[{"href":"https:\/\/www.psychotherapie-janisch.de\/index.php?rest_route=%2Fwp%2Fv2%2Fmedia&parent=185"}],"curies":[{"name":"wp","href":"https:\/\/api.w.org\/{rel}","templated":true}]}}