{"id":25,"date":"2020-05-01T15:30:02","date_gmt":"2020-05-01T15:30:02","guid":{"rendered":"http:\/\/psychotherapie-janisch.de\/?page_id=25"},"modified":"2026-04-24T13:31:43","modified_gmt":"2026-04-24T13:31:43","slug":"psychotherapie","status":"publish","type":"page","link":"https:\/\/www.psychotherapie-janisch.de\/","title":{"rendered":"Psychotherapie"},"content":{"rendered":"<p id=\"p-rc_613f51cac3f99f6d-19\" data-path-to-node=\"3\"><span class=\"citation-129 citation-130 citation-131 citation-end-131\">Menschen kommen zu uns, weil sie ihre Probleme mit den L\u00f6sungsstrategien, die ihnen heute zur Verf\u00fcgung stehen, nicht alleine l\u00f6sen k\u00f6nnen. Psychotherapie hilft Ihnen zun\u00e4chst dabei zu entdecken und zu verstehen, welche Denk- und<\/span><span class=\"citation-129 citation-130 citation-end-130\"> Verhaltensmuster heute beim L\u00f6sen des Problems hinderlich sin<\/span><span class=\"citation-129 citation-end-129\">d. Die<\/span>se Muster wurden in der Vergangenheit oft als hilfreiche Bew\u00e4ltigungsstrategien entwickelt, haben sich jedoch verselbst\u00e4ndigt oder sind gar selbst zum Problem geworden.<\/p>\n<p data-path-to-node=\"4\">Wir arbeiten gemeinsam daran, diese Muster zu ver\u00e4ndern, neue Erfahrungen zu machen oder auch unver\u00e4nderliche Einfl\u00fcsse akzeptieren zu lernen. Eine Psychotherapie liefert keine sofortige L\u00f6sung; sie initiiert vielmehr mittelfristige Ver\u00e4nderungsprozesse und unterst\u00fctzt Sie bei der Entwicklung einer neuen Perspektive.<\/p>\n<h2 data-path-to-node=\"5\">Unsere Spezialisierung: Die Kraft der Kombination<\/h2>\n<p data-path-to-node=\"6\">Unsere Praxis verfolgt einen modernen, wissenschaftlich fundierten Ansatz: <b data-path-to-node=\"6\" data-index-in-node=\"75\">Wir sind auf die Nutzung der wissenschaftlich erwiesenen Gesamtwirkung aus Gruppen- und Einzeltherapie spezialisiert.<\/b> Aktuelle Forschungsergebnisse zeigen, dass das Zusammenwirken von vertraulichen Einzelgespr\u00e4chen und der gemeinsamen Arbeit in der Gruppe der st\u00e4rkste Weg zur nachhaltigen Genesung ist. Dieses Kombinationsmodell ist das Herzst\u00fcck unserer Vision, Ihnen zeitnah und kompetent Hilfe zur Selbsthilfe zu geben.<\/p>\n<h2>Themenoffene Gruppentherapie \u2013 Gemeinsam st\u00e4rker<\/h2>\n<p data-path-to-node=\"8\">Unsere Gruppen sind <b data-path-to-node=\"8\" data-index-in-node=\"20\">themenoffen<\/b> gestaltet, was den therapeutischen Prozess besonders lebendig und praxisnah macht. Hier erleben Sie:<\/p>\n<ul>\n<li data-path-to-node=\"9,0,0\"><b data-path-to-node=\"9,0,0\" data-index-in-node=\"0\">Gemeinsamkeiten entdecken:<\/b> Sie finden sich in den Schilderungen anderer Teilnehmer wieder und erfahren unmittelbar: \u201eIch bin nicht allein.\u201c<\/li>\n<li data-path-to-node=\"9,1,0\"><b data-path-to-node=\"9,1,0\" data-index-in-node=\"0\">Gegenseitige Unterst\u00fctzung:<\/b> Die Teilnehmer nutzen ihre unterschiedlichen Erfahrungen, um sich gegenseitig bei der Erarbeitung von L\u00f6sungen zu best\u00e4rken.<\/li>\n<li data-path-to-node=\"9,2,0\"><b data-path-to-node=\"9,2,0\" data-index-in-node=\"0\">Aktiv ins Handeln kommen:<\/b> Der Fokus liegt darauf, gemeinsam erste Schritte aus belastenden Kreisl\u00e4ufen zu machen und sich gegenseitig bei der Umsetzung im Alltag zu unterst\u00fctzen.<\/li>\n<\/ul>\n<p data-path-to-node=\"10\">Durch diese Arbeitsweise schaffen wir eine greifbare Basis f\u00fcr die weitere einzeltherapeutische Arbeit und k\u00f6nnen Behandlungsverl\u00e4ufe oft deutlich beschleunigen.<\/p>\n<h2 data-path-to-node=\"11\"><strong>Ihr Weg zu uns<\/strong><\/h2>\n<p data-path-to-node=\"12\">In unserem Praxiskonzept ist die Gruppentherapie ein zentraler Baustein des Erfolgs. Wir setzen daher die grunds\u00e4tzliche Bereitschaft voraus, die Gruppenarbeit auszuprobieren und sich auf diesen Prozess einzulassen.<\/p>\n<p data-path-to-node=\"13\"><b data-path-to-node=\"13\" data-index-in-node=\"0\">Ihr Vorteil:<\/b> Patienten, die offen f\u00fcr unser spezialisiertes Kombinationsangebot sind, k\u00f6nnen wir in der Regel <b data-path-to-node=\"13\" data-index-in-node=\"110\">deutlich zeitnaher<\/b> einen Behandlungsplatz anbieten. Die finale Entscheidung, ob und wann die Gruppentherapie fester Bestandteil Ihres Behandlungsplans wird, trifft Ihr Therapeut nach der Diagnostik gemeinsam mit Ihnen.<\/p>\n<p data-path-to-node=\"14\">Wir kooperieren zudem mit anderen kassen\u00e4rztlich niedergelassenen Kollegen, um flexible Kombinationsbehandlungen aus Einzel- und Gruppentherapie zu erm\u00f6glichen.<b data-path-to-node=\"16\" data-index-in-node=\"0\"><\/b><\/p>\n","protected":false},"excerpt":{"rendered":"<p>Menschen kommen zu uns, weil sie ihre Probleme mit den L\u00f6sungsstrategien, die ihnen heute zur Verf\u00fcgung stehen, nicht alleine l\u00f6sen k\u00f6nnen. Psychotherapie hilft Ihnen zun\u00e4chst dabei zu entdecken und zu verstehen, welche Denk- und Verhaltensmuster heute beim L\u00f6sen des Problems hinderlich sind. Diese Muster wurden in der Vergangenheit oft als hilfreiche Bew\u00e4ltigungsstrategien entwickelt, haben sich &hellip; <\/p>\n<p class=\"link-more\"><a href=\"https:\/\/www.psychotherapie-janisch.de\/\" class=\"more-link\"><span class=\"screen-reader-text\">\u201ePsychotherapie\u201c <\/span>weiterlesen<\/a><\/p>\n","protected":false},"author":1,"featured_media":0,"parent":0,"menu_order":0,"comment_status":"closed","ping_status":"closed","template":"","meta":{"footnotes":""},"class_list":["post-25","page","type-page","status-publish","hentry"],"_links":{"self":[{"href":"https:\/\/www.psychotherapie-janisch.de\/index.php?rest_route=\/wp\/v2\/pages\/25","targetHints":{"allow":["GET"]}}],"collection":[{"href":"https:\/\/www.psychotherapie-janisch.de\/index.php?rest_route=\/wp\/v2\/pages"}],"about":[{"href":"https:\/\/www.psychotherapie-janisch.de\/index.php?rest_route=\/wp\/v2\/types\/page"}],"author":[{"embeddable":true,"href":"https:\/\/www.psychotherapie-janisch.de\/index.php?rest_route=\/wp\/v2\/users\/1"}],"replies":[{"embeddable":true,"href":"https:\/\/www.psychotherapie-janisch.de\/index.php?rest_route=%2Fwp%2Fv2%2Fcomments&post=25"}],"version-history":[{"count":32,"href":"https:\/\/www.psychotherapie-janisch.de\/index.php?rest_route=\/wp\/v2\/pages\/25\/revisions"}],"predecessor-version":[{"id":404,"href":"https:\/\/www.psychotherapie-janisch.de\/index.php?rest_route=\/wp\/v2\/pages\/25\/revisions\/404"}],"wp:attachment":[{"href":"https:\/\/www.psychotherapie-janisch.de\/index.php?rest_route=%2Fwp%2Fv2%2Fmedia&parent=25"}],"curies":[{"name":"wp","href":"https:\/\/api.w.org\/{rel}","templated":true}]}}