{"id":386,"date":"2026-04-24T13:50:17","date_gmt":"2026-04-24T13:50:17","guid":{"rendered":"https:\/\/www.psychotherapie-janisch.de\/?page_id=386"},"modified":"2026-04-24T13:50:17","modified_gmt":"2026-04-24T13:50:17","slug":"leonie-horn","status":"publish","type":"page","link":"https:\/\/www.psychotherapie-janisch.de\/?page_id=386","title":{"rendered":"Leonie Horn"},"content":{"rendered":"<h2>Psychologische Psychotherapeutin, M. Sc. Psychologie<br \/>\nVerhaltenstherapie<\/h2>\n<p>Angestellte Psychotherapeutin<\/p>\n<h2>Zusatzqualifikationen<\/h2>\n<p>Gruppentherapie<\/p>\n<h2>Werdegang<\/h2>\n<ul>\n<li>Psychotherapeutische T\u00e4tigkeit in der Praxis f\u00fcr Psychotherapie Martina Janisch (seit 2026)<\/li>\n<li>Approbation als psychologischer Psychotherapeut und Eintragung in das Arztregister der kassen\u00e4rztlichen Vereinigung Baden-W\u00fcrttembergs mit der Fachkunde in Verhaltenstherapie bei Erwachsenen und in Gruppen (2025)<\/li>\n<li>Therapeutische T\u00e4tigkeit im Klinikum Christophsbad in G\u00f6ppingen in der Tagesklinik f\u00fcr Suchtbehandlungen, Akutpsychiatrische Station, Tagesklinik f\u00fcr Psychosomatische Medizin und Psychotherapie, Psychosomatische Station f\u00fcr Essst\u00f6rungen und somatoforme St\u00f6rungen sowie an der Ambulanz der Christophsbad Akademie f\u00fcr Psychotherapie (2022-2025)<\/li>\n<li>Weiterbildung zum Psychologischen Psychotherapeuten mit dem Schwerpunkt Verhaltenstherapie an der Chistophsbad Akademie f\u00fcr Psychotherapie (2022-2025)<\/li>\n<li>Studium der Psychologie an der Technischen Universit\u00e4t, Dresden, Master of Science (2020-2022)<\/li>\n<li>Studium der Psychologie an der Leopold-Franzens-Universit\u00e4t, Innsbruck, Bachelor of Science (2017-2020)<\/li>\n<\/ul>\n","protected":false},"excerpt":{"rendered":"<p>Psychologische Psychotherapeutin, M. Sc. Psychologie Verhaltenstherapie Angestellte Psychotherapeutin Zusatzqualifikationen Gruppentherapie Werdegang Psychotherapeutische T\u00e4tigkeit in der Praxis f\u00fcr Psychotherapie Martina Janisch (seit 2026) Approbation als psychologischer Psychotherapeut und Eintragung in das Arztregister der kassen\u00e4rztlichen Vereinigung Baden-W\u00fcrttembergs mit der Fachkunde in Verhaltenstherapie bei Erwachsenen und in Gruppen (2025) Therapeutische T\u00e4tigkeit im Klinikum Christophsbad in G\u00f6ppingen in der &hellip; <\/p>\n<p class=\"link-more\"><a href=\"https:\/\/www.psychotherapie-janisch.de\/?page_id=386\" class=\"more-link\"><span class=\"screen-reader-text\">\u201eLeonie Horn\u201c <\/span>weiterlesen<\/a><\/p>\n","protected":false},"author":1,"featured_media":0,"parent":0,"menu_order":0,"comment_status":"closed","ping_status":"closed","template":"","meta":{"footnotes":""},"class_list":["post-386","page","type-page","status-publish","hentry"],"_links":{"self":[{"href":"https:\/\/www.psychotherapie-janisch.de\/index.php?rest_route=\/wp\/v2\/pages\/386","targetHints":{"allow":["GET"]}}],"collection":[{"href":"https:\/\/www.psychotherapie-janisch.de\/index.php?rest_route=\/wp\/v2\/pages"}],"about":[{"href":"https:\/\/www.psychotherapie-janisch.de\/index.php?rest_route=\/wp\/v2\/types\/page"}],"author":[{"embeddable":true,"href":"https:\/\/www.psychotherapie-janisch.de\/index.php?rest_route=\/wp\/v2\/users\/1"}],"replies":[{"embeddable":true,"href":"https:\/\/www.psychotherapie-janisch.de\/index.php?rest_route=%2Fwp%2Fv2%2Fcomments&post=386"}],"version-history":[{"count":3,"href":"https:\/\/www.psychotherapie-janisch.de\/index.php?rest_route=\/wp\/v2\/pages\/386\/revisions"}],"predecessor-version":[{"id":406,"href":"https:\/\/www.psychotherapie-janisch.de\/index.php?rest_route=\/wp\/v2\/pages\/386\/revisions\/406"}],"wp:attachment":[{"href":"https:\/\/www.psychotherapie-janisch.de\/index.php?rest_route=%2Fwp%2Fv2%2Fmedia&parent=386"}],"curies":[{"name":"wp","href":"https:\/\/api.w.org\/{rel}","templated":true}]}}