{"id":392,"date":"2026-04-24T13:12:25","date_gmt":"2026-04-24T13:12:25","guid":{"rendered":"https:\/\/www.psychotherapie-janisch.de\/?page_id=392"},"modified":"2026-04-24T13:32:56","modified_gmt":"2026-04-24T13:32:56","slug":"stellenangebote","status":"publish","type":"page","link":"https:\/\/www.psychotherapie-janisch.de\/?page_id=392","title":{"rendered":"Stellenangebote"},"content":{"rendered":"<h1>Psychologische:r Psychotherapeut:in (VT) f\u00fcr moderne Praxis in Ebersbach\/Fils<\/h1>\n<p>\u00dcber uns: Wir sind ein stabiles Team von aktuell 6 Verhaltenstherapeutinnen in Ebersbach an der Fils. Viele unserer Kolleginnen sind bereits seit Jahren Teil der Praxis \u2013 wir arbeiten professionell, entspannt und auf Augenh\u00f6he. Wir suchen im Laufe des Jahres 2026 Verst\u00e4rkung in unbefristeter Anstellung (Voll- oder Teilzeit).<\/p>\n<p>Warum du bei uns nicht nur \u201ebehandelst\u201c, sondern dich wohlf\u00fchlst:<\/p>\n<h2>Autonomie, Support &amp; Teamkultur<\/h2>\n<ul>\n<li><strong>Maximale Freiheit:<\/strong> Du entscheidest \u00fcber Patientenauswahl, Arbeitszeiten, Fortbildung und Urlaub \u2013 v\u00f6llig ohne Abstimmungsstress.<\/li>\n<li><strong>Gelebtes Miteinander:<\/strong> Wir setzen auf echten Austausch auf Augenh\u00f6he. Profitiere von regelm\u00e4\u00dfiger Intervision, gegenseitigem R\u00fcckhalt und einer \u201elernenden Praxis-Kultur\u201c, in der deine Impulse willkommen sind.<\/li>\n<li><strong>Moderne Entlastung:<\/strong> Wir minimieren den Schreibkram durch KI-Dokumentationshilfe, Aufnahmemanagementsoftware sowie digitales Testen via Hogrefe Testsystem (HTS) Online auf deinem pers\u00f6nlichen ThinkPad Yoga.<\/li>\n<li><strong>Flexibilit\u00e4t &amp; Homeoffice:<\/strong> Sanftes Onboarding (stufenweiser Fallzahl-Aufbau) sowie Homeoffice-Optionen f\u00fcr Videositzungen und Admin.<\/li>\n<\/ul>\n<h2>Verg\u00fctung &amp; Auszeit<\/h2>\n<ul>\n<li><strong>Transparentes Verg\u00fctungsmodell:<\/strong> Rechnerisch ca. 55 % des von des ausgezahlten Honorarumsatzes als Arbeitnehmer-Brutto (Fixum und Beteiligung), inklusive gezielter Nettolohnoptimierung f\u00fcr ein maximiertes Netto-Einkommen.<\/li>\n<li><strong>Faire Abrechnung:<\/strong> Volle Sicherheit durch Anrechnung von No-Shows sowie einen starken Gruppenschl\u00fcssel (z. B. 6er-Gruppe = 4 Einzelstunden-\u00c4quivalente).<\/li>\n<li><strong>Zeit f\u00fcr Entwicklung:<\/strong> J\u00e4hrlich 6 Wochen Auszeit (5 Wochen Urlaub + 1 Woche Fortbildung, z. B. f\u00fcr Strandlekt\u00fcre) sowie 500 \u20ac Fortbildungsbudget.<\/li>\n<\/ul>\n<h2>Das bringst du mit:<\/h2>\n<ul>\n<li><strong>Approbation<\/strong> als Psychologische\/r Psychotherapeut\/in (VT) &amp; Arztregistereintrag.<\/li>\n<li>Interesse an <strong>Gruppentherapie<\/strong> und einer modernen Arbeitsweise.<\/li>\n<li><strong>Berufseinsteiger<\/strong> sind ausdr\u00fccklich willkommen, bewerbe dich auch gerne vor deiner Approbation.<\/li>\n<\/ul>\n<p>Lust auf einen Kennenlern-Kaffee? Schick uns einfach deinen Lebenslauf und die Approbationsurkunde per Mail an janisch@psychotherapie-janisch.de. Wir freuen uns auf dich!<\/p>\n","protected":false},"excerpt":{"rendered":"<p>Psychologische:r Psychotherapeut:in (VT) f\u00fcr moderne Praxis in Ebersbach\/Fils \u00dcber uns: Wir sind ein stabiles Team von aktuell 6 Verhaltenstherapeutinnen in Ebersbach an der Fils. Viele unserer Kolleginnen sind bereits seit Jahren Teil der Praxis \u2013 wir arbeiten professionell, entspannt und auf Augenh\u00f6he. Wir suchen im Laufe des Jahres 2026 Verst\u00e4rkung in unbefristeter Anstellung (Voll- oder &hellip; <\/p>\n<p class=\"link-more\"><a href=\"https:\/\/www.psychotherapie-janisch.de\/?page_id=392\" class=\"more-link\"><span class=\"screen-reader-text\">\u201eStellenangebote\u201c <\/span>weiterlesen<\/a><\/p>\n","protected":false},"author":1,"featured_media":0,"parent":0,"menu_order":0,"comment_status":"closed","ping_status":"closed","template":"","meta":{"footnotes":""},"class_list":["post-392","page","type-page","status-publish","hentry"],"_links":{"self":[{"href":"https:\/\/www.psychotherapie-janisch.de\/index.php?rest_route=\/wp\/v2\/pages\/392","targetHints":{"allow":["GET"]}}],"collection":[{"href":"https:\/\/www.psychotherapie-janisch.de\/index.php?rest_route=\/wp\/v2\/pages"}],"about":[{"href":"https:\/\/www.psychotherapie-janisch.de\/index.php?rest_route=\/wp\/v2\/types\/page"}],"author":[{"embeddable":true,"href":"https:\/\/www.psychotherapie-janisch.de\/index.php?rest_route=\/wp\/v2\/users\/1"}],"replies":[{"embeddable":true,"href":"https:\/\/www.psychotherapie-janisch.de\/index.php?rest_route=%2Fwp%2Fv2%2Fcomments&post=392"}],"version-history":[{"count":8,"href":"https:\/\/www.psychotherapie-janisch.de\/index.php?rest_route=\/wp\/v2\/pages\/392\/revisions"}],"predecessor-version":[{"id":405,"href":"https:\/\/www.psychotherapie-janisch.de\/index.php?rest_route=\/wp\/v2\/pages\/392\/revisions\/405"}],"wp:attachment":[{"href":"https:\/\/www.psychotherapie-janisch.de\/index.php?rest_route=%2Fwp%2Fv2%2Fmedia&parent=392"}],"curies":[{"name":"wp","href":"https:\/\/api.w.org\/{rel}","templated":true}]}}