{"id":8,"date":"2020-05-01T15:30:02","date_gmt":"2020-05-01T15:30:02","guid":{"rendered":"http:\/\/psychotherapie-janisch.de\/?page_id=8"},"modified":"2021-09-23T12:41:04","modified_gmt":"2021-09-23T12:41:04","slug":"ueber-uns","status":"publish","type":"page","link":"https:\/\/www.psychotherapie-janisch.de\/?page_id=8","title":{"rendered":"Team"},"content":{"rendered":"\r\n<p>Die Therapeuten in unserer Praxis besitzen die Approbation als Psychologische Psychotherapeuten mit dem Fachkundenachweis in Verhaltenstherapie. Sie sind im Arztregister der Kassen\u00e4rztlichen Vereinigung Baden-W\u00fcrttemberg eingetragen. Wir unterliegen in ihrer Berufsaus\u00fcbung der Berufsordnung der Landespsychotherapeutenkammer Baden-W\u00fcrttemberg.<\/p>\r\n\r\n\r\n\r\n<p>Wir sind Mitglied in der <a href=\"https:\/\/www.psychotherapeutenschaft-gp.de\/\" target=\"_blank\" rel=\"noreferrer noopener\">Psychotherapeutenschaft G\u00f6ppingen e.V. <\/a> <span style=\"display: inline !important; float: none; background-color: #ffffff; color: #333333; cursor: text; font-family: 'Libre Franklin','Helvetica Neue',helvetica,arial,sans-serif; font-size: 16px; font-style: normal; font-variant: normal; font-weight: 400; letter-spacing: normal; orphans: 2; text-align: left; text-decoration: none; text-indent: 0px; text-transform: none; -webkit-text-stroke-width: 0px; white-space: normal; word-spacing: 0px;\">\u00a0<\/span>und im <a href=\"https:\/\/bvvp.de\/\">Berufsverband der Vertragspsychotherapeuten e.V. (bvvp)<\/a><\/p>","protected":false},"excerpt":{"rendered":"<p>Die Therapeuten in unserer Praxis besitzen die Approbation als Psychologische Psychotherapeuten mit dem Fachkundenachweis in Verhaltenstherapie. Sie sind im Arztregister der Kassen\u00e4rztlichen Vereinigung Baden-W\u00fcrttemberg eingetragen. Wir unterliegen in ihrer Berufsaus\u00fcbung der Berufsordnung der Landespsychotherapeutenkammer Baden-W\u00fcrttemberg. Wir sind Mitglied in der Psychotherapeutenschaft G\u00f6ppingen e.V. \u00a0und im Berufsverband der Vertragspsychotherapeuten e.V. (bvvp)<\/p>\n","protected":false},"author":1,"featured_media":0,"parent":0,"menu_order":0,"comment_status":"closed","ping_status":"closed","template":"","meta":{"footnotes":""},"class_list":["post-8","page","type-page","status-publish","hentry"],"_links":{"self":[{"href":"https:\/\/www.psychotherapie-janisch.de\/index.php?rest_route=\/wp\/v2\/pages\/8","targetHints":{"allow":["GET"]}}],"collection":[{"href":"https:\/\/www.psychotherapie-janisch.de\/index.php?rest_route=\/wp\/v2\/pages"}],"about":[{"href":"https:\/\/www.psychotherapie-janisch.de\/index.php?rest_route=\/wp\/v2\/types\/page"}],"author":[{"embeddable":true,"href":"https:\/\/www.psychotherapie-janisch.de\/index.php?rest_route=\/wp\/v2\/users\/1"}],"replies":[{"embeddable":true,"href":"https:\/\/www.psychotherapie-janisch.de\/index.php?rest_route=%2Fwp%2Fv2%2Fcomments&post=8"}],"version-history":[{"count":6,"href":"https:\/\/www.psychotherapie-janisch.de\/index.php?rest_route=\/wp\/v2\/pages\/8\/revisions"}],"predecessor-version":[{"id":180,"href":"https:\/\/www.psychotherapie-janisch.de\/index.php?rest_route=\/wp\/v2\/pages\/8\/revisions\/180"}],"wp:attachment":[{"href":"https:\/\/www.psychotherapie-janisch.de\/index.php?rest_route=%2Fwp%2Fv2%2Fmedia&parent=8"}],"curies":[{"name":"wp","href":"https:\/\/api.w.org\/{rel}","templated":true}]}}